{"id":4400,"date":"2021-10-12T15:51:09","date_gmt":"2021-10-12T15:51:09","guid":{"rendered":"http:\/\/dummy.xtemos.com\/woodmart2\/elementor\/?page_id=4400"},"modified":"2026-03-16T10:39:40","modified_gmt":"2026-03-16T10:39:40","slug":"about-us","status":"publish","type":"page","link":"https:\/\/protocolstria.com\/en\/hakkimizda\/","title":{"rendered":"About Us"},"content":{"rendered":"<div data-elementor-type=\"wp-page\" data-elementor-id=\"4400\" class=\"elementor elementor-4400\" data-elementor-post-type=\"page\">\n\t\t\t\t<div class=\"wd-negative-gap elementor-element elementor-element-5877872 e-flex e-con-boxed e-con e-parent\" data-id=\"5877872\" data-element_type=\"container\" data-e-type=\"container\">\n\t\t\t\t\t<div class=\"e-con-inner\">\n\t\t<div class=\"elementor-element elementor-element-f8277c6 e-con-full e-flex e-con e-child\" data-id=\"f8277c6\" data-element_type=\"container\" data-e-type=\"container\">\n\t\t<div class=\"elementor-element elementor-element-ac24a2a e-con-full e-flex e-con e-child\" data-id=\"ac24a2a\" data-element_type=\"container\" data-e-type=\"container\">\n\t\t\t\t<div class=\"elementor-element elementor-element-4304aad elementor-widget elementor-widget-heading\" data-id=\"4304aad\" data-element_type=\"widget\" data-e-type=\"widget\" data-widget_type=\"heading.default\">\n\t\t\t\t\t<h1 class=\"elementor-heading-title elementor-size-default\">About Us<\/h1>\t\t\t\t<\/div>\n\t\t\t\t<div class=\"elementor-element elementor-element-722a294 color-scheme-inherit text-left elementor-widget elementor-widget-text-editor\" data-id=\"722a294\" data-element_type=\"widget\" data-e-type=\"widget\" data-widget_type=\"text-editor.default\">\n\t\t\t\t\t\t\t\t\t<p><strong>Protocol Stria is a dermocosmetic brand developed under Slimwell Group, a company known for delivering innovative solutions in the dermocosmetics industry.\n\nFounded in Istanbul in 2015, Slimwell Group quickly became one of the leading companies in the sector, offering advanced slimming and aesthetic devices imported from European Union countries.<\/strong><\/p><p><strong>The group\u2019s portfolio includes globally recognized dermocosmetic brands such as Casmara, Playskin, Ericson, and Wishpro. All products and solutions are developed based on scientific research and advanced formulation technologies.<\/strong><\/p><p><strong>Protocol Stria is a specialized dermocosmetic skincare brand developed with innovative formulations produced in South Korea. With a unique treatment approach designed exclusively for the Turkish market, the brand has established a strong presence in the industry. Today, Protocol Stria is used in over 600 professional beauty salons and clinics across T\u00fcrkiye.<\/strong><\/p><p><strong>With formulations enriched by high-performance active ingredients, Protocol Stria offers products that support both professional treatments and at-home care routines, positioning itself as a powerful player in the dermocosmetic skincare sector.<\/strong><\/p>\t\t\t\t\t\t\t\t<\/div>\n\t\t\t\t<\/div>\n\t\t\t\t<\/div>\n\t\t\t\t\t<\/div>\n\t\t\t\t<\/div>\n\t\t<div class=\"wd-negative-gap elementor-element elementor-element-adb8e95 e-flex e-con-boxed e-con e-parent\" data-id=\"adb8e95\" data-element_type=\"container\" data-e-type=\"container\">\n\t\t\t\t\t<div class=\"e-con-inner\">\n\t\t\t\t<div class=\"elementor-element elementor-element-0947901 elementor-widget elementor-widget-image\" data-id=\"0947901\" data-element_type=\"widget\" data-e-type=\"widget\" data-widget_type=\"image.default\">\n\t\t\t\t\t\t\t\t\t\t\t\t\t\t\t<img decoding=\"async\" width=\"291\" height=\"300\" src=\"https:\/\/protocolstria.com\/wp-content\/uploads\/2026\/03\/logo-01-291x300.png\" class=\"attachment-medium size-medium wp-image-29736\" alt=\"\" srcset=\"https:\/\/protocolstria.com\/wp-content\/uploads\/2026\/03\/logo-01-291x300.png 291w, https:\/\/protocolstria.com\/wp-content\/uploads\/2026\/03\/logo-01-775x800.png 775w, https:\/\/protocolstria.com\/wp-content\/uploads\/2026\/03\/logo-01-768x792.png 768w, https:\/\/protocolstria.com\/wp-content\/uploads\/2026\/03\/logo-01-430x444.png 430w, https:\/\/protocolstria.com\/wp-content\/uploads\/2026\/03\/logo-01-700x722.png 700w, https:\/\/protocolstria.com\/wp-content\/uploads\/2026\/03\/logo-01-150x155.png 150w, https:\/\/protocolstria.com\/wp-content\/uploads\/2026\/03\/logo-01.png 1475w\" sizes=\"(max-width: 291px) 100vw, 291px\" \/>\t\t\t\t\t\t\t\t\t\t\t\t\t\t\t<\/div>\n\t\t\t\t\t<\/div>\n\t\t\t\t<\/div>\n\t\t\t\t<\/div>","protected":false},"excerpt":{"rendered":"<p>About Us Protocol Stria is a brand under Slimwell Cosmetics Medical Group Inc., which offers innovative solutions in the dermocosmetics field. Established in 2015,<\/p>","protected":false},"author":1,"featured_media":0,"parent":0,"menu_order":0,"comment_status":"closed","ping_status":"closed","template":"","meta":{"footnotes":""},"class_list":["post-4400","page","type-page","status-publish","hentry"],"yoast_head":"<!-- This site is optimized with the Yoast SEO plugin v27.2 - https:\/\/yoast.com\/product\/yoast-seo-wordpress\/ -->\n<title>Hakk\u0131m\u0131zda - Protocol Stria<\/title>\n<meta name=\"robots\" content=\"index, follow, max-snippet:-1, max-image-preview:large, max-video-preview:-1\" \/>\n<link rel=\"canonical\" href=\"https:\/\/protocolstria.com\/en\/about-us\/\" \/>\n<meta property=\"og:locale\" content=\"en_US\" \/>\n<meta property=\"og:type\" content=\"article\" \/>\n<meta property=\"og:title\" content=\"Hakk\u0131m\u0131zda - Protocol Stria\" \/>\n<meta property=\"og:description\" content=\"Hakk\u0131m\u0131zda Protocol Stria, dermokozmetik alan\u0131nda yenilik\u00e7i \u00e7\u00f6z\u00fcmler sunan Slimwell Kozmetik Medikal Group A.\u015e. b\u00fcnyesinde yer alan bir markad\u0131r. 2015 y\u0131l\u0131nda\" \/>\n<meta property=\"og:url\" content=\"https:\/\/protocolstria.com\/en\/about-us\/\" \/>\n<meta property=\"og:site_name\" content=\"Protocol Stria\" \/>\n<meta property=\"article:modified_time\" content=\"2026-03-16T10:39:40+00:00\" \/>\n<meta property=\"og:image\" content=\"https:\/\/protocolstria.com\/wp-content\/uploads\/2026\/03\/logo-01.png\" \/>\n\t<meta property=\"og:image:width\" content=\"1475\" \/>\n\t<meta property=\"og:image:height\" content=\"1522\" \/>\n\t<meta property=\"og:image:type\" content=\"image\/png\" \/>\n<meta name=\"twitter:card\" content=\"summary_large_image\" \/>\n<meta name=\"twitter:label1\" content=\"Est. reading time\" \/>\n\t<meta name=\"twitter:data1\" content=\"1 minute\" \/>\n<script type=\"application\/ld+json\" class=\"yoast-schema-graph\">{\"@context\":\"https:\/\/schema.org\",\"@graph\":[{\"@type\":\"WebPage\",\"@id\":\"https:\/\/protocolstria.com\/hakkimizda\/\",\"url\":\"https:\/\/protocolstria.com\/hakkimizda\/\",\"name\":\"Hakk\u0131m\u0131zda - Protocol Stria\",\"isPartOf\":{\"@id\":\"https:\/\/protocolstria.com\/#website\"},\"primaryImageOfPage\":{\"@id\":\"https:\/\/protocolstria.com\/hakkimizda\/#primaryimage\"},\"image\":{\"@id\":\"https:\/\/protocolstria.com\/hakkimizda\/#primaryimage\"},\"thumbnailUrl\":\"https:\/\/protocolstria.com\/wp-content\/uploads\/2026\/03\/logo-01-291x300.png\",\"datePublished\":\"2021-10-12T15:51:09+00:00\",\"dateModified\":\"2026-03-16T10:39:40+00:00\",\"breadcrumb\":{\"@id\":\"https:\/\/protocolstria.com\/hakkimizda\/#breadcrumb\"},\"inLanguage\":\"en-US\",\"potentialAction\":[{\"@type\":\"ReadAction\",\"target\":[\"https:\/\/protocolstria.com\/hakkimizda\/\"]}]},{\"@type\":\"ImageObject\",\"inLanguage\":\"en-US\",\"@id\":\"https:\/\/protocolstria.com\/hakkimizda\/#primaryimage\",\"url\":\"https:\/\/protocolstria.com\/wp-content\/uploads\/2026\/03\/logo-01-291x300.png\",\"contentUrl\":\"https:\/\/protocolstria.com\/wp-content\/uploads\/2026\/03\/logo-01-291x300.png\"},{\"@type\":\"BreadcrumbList\",\"@id\":\"https:\/\/protocolstria.com\/hakkimizda\/#breadcrumb\",\"itemListElement\":[{\"@type\":\"ListItem\",\"position\":1,\"name\":\"Anasayfa\",\"item\":\"https:\/\/protocolstria.com\/\"},{\"@type\":\"ListItem\",\"position\":2,\"name\":\"Hakk\u0131m\u0131zda\"}]},{\"@type\":\"WebSite\",\"@id\":\"https:\/\/protocolstria.com\/#website\",\"url\":\"https:\/\/protocolstria.com\/\",\"name\":\"Protocol Stria\",\"description\":\"Protocol Stria\",\"potentialAction\":[{\"@type\":\"SearchAction\",\"target\":{\"@type\":\"EntryPoint\",\"urlTemplate\":\"https:\/\/protocolstria.com\/?s={search_term_string}\"},\"query-input\":{\"@type\":\"PropertyValueSpecification\",\"valueRequired\":true,\"valueName\":\"search_term_string\"}}],\"inLanguage\":\"en-US\"}]}<\/script>\n<!-- \/ Yoast SEO plugin. -->","yoast_head_json":{"title":"About Us - Protocol Stria","robots":{"index":"index","follow":"follow","max-snippet":"max-snippet:-1","max-image-preview":"max-image-preview:large","max-video-preview":"max-video-preview:-1"},"canonical":"https:\/\/protocolstria.com\/en\/about-us\/","og_locale":"en_US","og_type":"article","og_title":"Hakk\u0131m\u0131zda - Protocol Stria","og_description":"Hakk\u0131m\u0131zda Protocol Stria, dermokozmetik alan\u0131nda yenilik\u00e7i \u00e7\u00f6z\u00fcmler sunan Slimwell Kozmetik Medikal Group A.\u015e. b\u00fcnyesinde yer alan bir markad\u0131r. 2015 y\u0131l\u0131nda","og_url":"https:\/\/protocolstria.com\/en\/about-us\/","og_site_name":"Protocol Stria","article_modified_time":"2026-03-16T10:39:40+00:00","og_image":[{"width":1475,"height":1522,"url":"https:\/\/protocolstria.com\/wp-content\/uploads\/2026\/03\/logo-01.png","type":"image\/png"}],"twitter_card":"summary_large_image","twitter_misc":{"Est. reading time":"1 minute"},"schema":{"@context":"https:\/\/schema.org","@graph":[{"@type":"WebPage","@id":"https:\/\/protocolstria.com\/hakkimizda\/","url":"https:\/\/protocolstria.com\/hakkimizda\/","name":"About Us - Protocol Stria","isPartOf":{"@id":"https:\/\/protocolstria.com\/#website"},"primaryImageOfPage":{"@id":"https:\/\/protocolstria.com\/hakkimizda\/#primaryimage"},"image":{"@id":"https:\/\/protocolstria.com\/hakkimizda\/#primaryimage"},"thumbnailUrl":"https:\/\/protocolstria.com\/wp-content\/uploads\/2026\/03\/logo-01-291x300.png","datePublished":"2021-10-12T15:51:09+00:00","dateModified":"2026-03-16T10:39:40+00:00","breadcrumb":{"@id":"https:\/\/protocolstria.com\/hakkimizda\/#breadcrumb"},"inLanguage":"en-US","potentialAction":[{"@type":"ReadAction","target":["https:\/\/protocolstria.com\/hakkimizda\/"]}]},{"@type":"ImageObject","inLanguage":"en-US","@id":"https:\/\/protocolstria.com\/hakkimizda\/#primaryimage","url":"https:\/\/protocolstria.com\/wp-content\/uploads\/2026\/03\/logo-01-291x300.png","contentUrl":"https:\/\/protocolstria.com\/wp-content\/uploads\/2026\/03\/logo-01-291x300.png"},{"@type":"BreadcrumbList","@id":"https:\/\/protocolstria.com\/hakkimizda\/#breadcrumb","itemListElement":[{"@type":"ListItem","position":1,"name":"Anasayfa","item":"https:\/\/protocolstria.com\/"},{"@type":"ListItem","position":2,"name":"Hakk\u0131m\u0131zda"}]},{"@type":"WebSite","@id":"https:\/\/protocolstria.com\/#website","url":"https:\/\/protocolstria.com\/","name":"Professional Catalog","description":"Professional Catalog","potentialAction":[{"@type":"SearchAction","target":{"@type":"EntryPoint","urlTemplate":"https:\/\/protocolstria.com\/?s={search_term_string}"},"query-input":{"@type":"PropertyValueSpecification","valueRequired":true,"valueName":"search_term_string"}}],"inLanguage":"en-US"}]}},"_links":{"self":[{"href":"https:\/\/protocolstria.com\/en\/wp-json\/wp\/v2\/pages\/4400","targetHints":{"allow":["GET"]}}],"collection":[{"href":"https:\/\/protocolstria.com\/en\/wp-json\/wp\/v2\/pages"}],"about":[{"href":"https:\/\/protocolstria.com\/en\/wp-json\/wp\/v2\/types\/page"}],"author":[{"embeddable":true,"href":"https:\/\/protocolstria.com\/en\/wp-json\/wp\/v2\/users\/1"}],"replies":[{"embeddable":true,"href":"https:\/\/protocolstria.com\/en\/wp-json\/wp\/v2\/comments?post=4400"}],"version-history":[{"count":8,"href":"https:\/\/protocolstria.com\/en\/wp-json\/wp\/v2\/pages\/4400\/revisions"}],"predecessor-version":[{"id":29827,"href":"https:\/\/protocolstria.com\/en\/wp-json\/wp\/v2\/pages\/4400\/revisions\/29827"}],"wp:attachment":[{"href":"https:\/\/protocolstria.com\/en\/wp-json\/wp\/v2\/media?parent=4400"}],"curies":[{"name":"wp","href":"https:\/\/api.w.org\/{rel}","templated":true}]}}